{"id":3900,"date":"2021-12-15T09:44:05","date_gmt":"2021-12-15T08:44:05","guid":{"rendered":"http:\/\/dev.gm-productions.be\/xl-prints\/"},"modified":"2021-12-15T09:44:06","modified_gmt":"2021-12-15T08:44:06","slug":"xl-prints","status":"publish","type":"page","link":"https:\/\/www.gm-productions.be\/fr\/xl-prints\/","title":{"rendered":"XL Prints"},"content":{"rendered":"\t\t<div data-elementor-type=\"wp-page\" data-elementor-id=\"3900\" class=\"elementor elementor-3900 elementor-689\" data-elementor-post-type=\"page\">\n\t\t\t\t\t\t<section class=\"elementor-section elementor-top-section elementor-element elementor-element-f60892e elementor-section-boxed elementor-section-height-default elementor-section-height-default\" data-id=\"f60892e\" data-element_type=\"section\" data-e-type=\"section\">\n\t\t\t\t\t\t<div class=\"elementor-container elementor-column-gap-no\">\n\t\t\t\t\t<div class=\"elementor-column elementor-col-100 elementor-top-column elementor-element elementor-element-c1b8d3a\" data-id=\"c1b8d3a\" data-element_type=\"column\" data-e-type=\"column\">\n\t\t\t<div class=\"elementor-widget-wrap elementor-element-populated\">\n\t\t\t\t\t\t<div class=\"elementor-element elementor-element-dbd97fd elementor-widget elementor-widget-heading\" data-id=\"dbd97fd\" data-element_type=\"widget\" data-e-type=\"widget\" data-widget_type=\"heading.default\">\n\t\t\t\t<div class=\"elementor-widget-container\">\n\t\t\t\t\t<h1 class=\"elementor-heading-title elementor-size-default\">XL Prints<\/h1>\t\t\t\t<\/div>\n\t\t\t\t<\/div>\n\t\t\t\t<div class=\"elementor-element elementor-element-54e4585 elementor-widget-divider--view-line elementor-widget elementor-widget-divider\" data-id=\"54e4585\" data-element_type=\"widget\" data-e-type=\"widget\" data-widget_type=\"divider.default\">\n\t\t\t\t<div class=\"elementor-widget-container\">\n\t\t\t\t\t\t\t<div class=\"elementor-divider\">\n\t\t\t<span class=\"elementor-divider-separator\">\n\t\t\t\t\t\t<\/span>\n\t\t<\/div>\n\t\t\t\t\t\t<\/div>\n\t\t\t\t<\/div>\n\t\t\t\t<div class=\"elementor-element elementor-element-0261cde elementor-widget elementor-widget-text-editor\" data-id=\"0261cde\" data-element_type=\"widget\" data-e-type=\"widget\" data-widget_type=\"text-editor.default\">\n\t\t\t\t<div class=\"elementor-widget-container\">\n\t\t\t\t\t\t\t\t\t<div role=\"main\">\n<section id=\"projects_intro\" class=\"wrapper center\">Notre d\u00e9partement XL Prints se charge de la r\u00e9alisation de toute votre communication visuelle sur tr\u00e8s grands formats. Non seulement pour votre stand, mais \u00e9galement pour votre communication ext\u00e9rieure. En vous garantissant une excellente qualit\u00e9 sur divers supports tels que des banni\u00e8res \u00e0 usage int\u00e9rieur ou ext\u00e9rieur, des panneaux de chantier imprim\u00e9s, des toiles tr\u00e8s tendues dans des profils cadres ou des impressions sur plexi.<\/p>\n<\/section>\n<\/div>\n\t\t\t\t\t\t\t\t<\/div>\n\t\t\t\t<\/div>\n\t\t\t\t\t<\/div>\n\t\t<\/div>\n\t\t\t\t\t<\/div>\n\t\t<\/section>\n\t\t\t\t<\/div>\n\t\t","protected":false},"excerpt":{"rendered":"<p>XL Prints Notre d\u00e9partement XL Prints se charge de la r\u00e9alisation de toute votre communication visuelle sur tr\u00e8s grands formats. Non seulement pour votre stand, mais \u00e9galement pour votre communication ext\u00e9rieure. En vous garantissant une excellente qualit\u00e9 sur divers supports tels que des banni\u00e8res \u00e0 usage int\u00e9rieur ou ext\u00e9rieur, des panneaux de chantier imprim\u00e9s, des [&hellip;]<\/p>\n","protected":false},"author":1,"featured_media":0,"parent":0,"menu_order":7,"comment_status":"closed","ping_status":"closed","template":"","meta":{"ngg_post_thumbnail":0,"footnotes":""},"class_list":["post-3900","page","type-page","status-publish","hentry"],"_links":{"self":[{"href":"https:\/\/www.gm-productions.be\/fr\/wp-json\/wp\/v2\/pages\/3900","targetHints":{"allow":["GET"]}}],"collection":[{"href":"https:\/\/www.gm-productions.be\/fr\/wp-json\/wp\/v2\/pages"}],"about":[{"href":"https:\/\/www.gm-productions.be\/fr\/wp-json\/wp\/v2\/types\/page"}],"author":[{"embeddable":true,"href":"https:\/\/www.gm-productions.be\/fr\/wp-json\/wp\/v2\/users\/1"}],"replies":[{"embeddable":true,"href":"https:\/\/www.gm-productions.be\/fr\/wp-json\/wp\/v2\/comments?post=3900"}],"version-history":[{"count":0,"href":"https:\/\/www.gm-productions.be\/fr\/wp-json\/wp\/v2\/pages\/3900\/revisions"}],"wp:attachment":[{"href":"https:\/\/www.gm-productions.be\/fr\/wp-json\/wp\/v2\/media?parent=3900"}],"curies":[{"name":"wp","href":"https:\/\/api.w.org\/{rel}","templated":true}]}}